{"id":16422,"date":"2025-12-19T14:49:19","date_gmt":"2025-12-19T14:49:19","guid":{"rendered":"https:\/\/onlinewebsolutions.store\/haroldweiser\/?page_id=16422"},"modified":"2025-12-27T13:00:24","modified_gmt":"2025-12-27T13:00:24","slug":"abogados-en-new-orleans","status":"publish","type":"page","link":"https:\/\/onlinewebsolutions.store\/haroldweiser\/abogados-en-new-orleans\/","title":{"rendered":"Abogados en New Orleans"},"content":{"rendered":"\t\t<div data-elementor-type=\"wp-page\" data-elementor-id=\"16422\" class=\"elementor elementor-16422\" data-elementor-post-type=\"page\">\n\t\t\t\t<div class=\"elementor-element elementor-element-23433cce elementor-hidden-desktop e-flex e-con-boxed e-con e-parent\" data-id=\"23433cce\" data-element_type=\"container\">\n\t\t\t\t\t<div class=\"e-con-inner\">\n\t\t\t\t<div class=\"elementor-element elementor-element-2c210098 elementor-position-inline-start elementor-mobile-position-inline-start elementor-view-default elementor-widget elementor-widget-icon-box\" data-id=\"2c210098\" data-element_type=\"widget\" data-widget_type=\"icon-box.default\">\n\t\t\t\t\t\t\t<div class=\"elementor-icon-box-wrapper\">\n\n\t\t\t\t\t\t<div class=\"elementor-icon-box-icon\">\n\t\t\t\t<span  class=\"elementor-icon\">\n\t\t\t\t<svg aria-hidden=\"true\" class=\"e-font-icon-svg e-fas-phone-alt\" viewBox=\"0 0 512 512\" xmlns=\"http:\/\/www.w3.org\/2000\/svg\"><path d=\"M497.39 361.8l-112-48a24 24 0 0 0-28 6.9l-49.6 60.6A370.66 370.66 0 0 1 130.6 204.11l60.6-49.6a23.94 23.94 0 0 0 6.9-28l-48-112A24.16 24.16 0 0 0 122.6.61l-104 24A24 24 0 0 0 0 48c0 256.5 207.9 464 464 464a24 24 0 0 0 23.4-18.6l24-104a24.29 24.29 0 0 0-14.01-27.6z\"><\/path><\/svg>\t\t\t\t<\/span>\n\t\t\t<\/div>\n\t\t\t\n\t\t\t\t\t\t<div class=\"elementor-icon-box-content\">\n\n\t\t\t\t\t\t\t\t\t<h3 class=\"elementor-icon-box-title\">\n\t\t\t\t\t\t<span  >\n\t\t\t\t\t\t\t504-358-2273\t\t\t\t\t\t<\/span>\n\t\t\t\t\t<\/h3>\n\t\t\t\t\n\t\t\t\t\t\t\t\t\t<p class=\"elementor-icon-box-description\">\n\t\t\t\t\t\tFor A Free Consultation\t\t\t\t\t<\/p>\n\t\t\t\t\n\t\t\t<\/div>\n\t\t\t\n\t\t<\/div>\n\t\t\t\t\t\t<\/div>\n\t\t\t\t\t<\/div>\n\t\t\t\t<\/div>\n\t\t<div class=\"elementor-element elementor-element-ffcff8c e-flex e-con-boxed e-con e-parent\" data-id=\"ffcff8c\" data-element_type=\"container\" data-settings=\"{&quot;background_background&quot;:&quot;classic&quot;}\">\n\t\t\t\t\t<div class=\"e-con-inner\">\n\t\t<div class=\"elementor-element elementor-element-3c9db0ef e-con-full elementor-hidden-tablet elementor-hidden-mobile e-flex e-con e-child\" data-id=\"3c9db0ef\" data-element_type=\"container\">\n\t\t<div class=\"elementor-element elementor-element-3a78b22f e-con-full e-flex e-con e-child\" data-id=\"3a78b22f\" data-element_type=\"container\">\n\t\t\t\t<div class=\"elementor-element elementor-element-3c865c55 elementor-position-inline-start elementor-mobile-position-inline-start elementor-view-default elementor-widget elementor-widget-icon-box\" data-id=\"3c865c55\" data-element_type=\"widget\" data-widget_type=\"icon-box.default\">\n\t\t\t\t\t\t\t<div class=\"elementor-icon-box-wrapper\">\n\n\t\t\t\t\t\t<div class=\"elementor-icon-box-icon\">\n\t\t\t\t<a href=\"tel:504-358-2273\" class=\"elementor-icon\" tabindex=\"-1\" aria-label=\"504-358-2273\">\n\t\t\t\t<svg aria-hidden=\"true\" class=\"e-font-icon-svg e-fas-phone-alt\" viewBox=\"0 0 512 512\" xmlns=\"http:\/\/www.w3.org\/2000\/svg\"><path d=\"M497.39 361.8l-112-48a24 24 0 0 0-28 6.9l-49.6 60.6A370.66 370.66 0 0 1 130.6 204.11l60.6-49.6a23.94 23.94 0 0 0 6.9-28l-48-112A24.16 24.16 0 0 0 122.6.61l-104 24A24 24 0 0 0 0 48c0 256.5 207.9 464 464 464a24 24 0 0 0 23.4-18.6l24-104a24.29 24.29 0 0 0-14.01-27.6z\"><\/path><\/svg>\t\t\t\t<\/a>\n\t\t\t<\/div>\n\t\t\t\n\t\t\t\t\t\t<div class=\"elementor-icon-box-content\">\n\n\t\t\t\t\t\t\t\t\t<h3 class=\"elementor-icon-box-title\">\n\t\t\t\t\t\t<a href=\"tel:504-358-2273\" >\n\t\t\t\t\t\t\t504-358-2273\t\t\t\t\t\t<\/a>\n\t\t\t\t\t<\/h3>\n\t\t\t\t\n\t\t\t\t\t\t\t\t\t<p class=\"elementor-icon-box-description\">\n\t\t\t\t\t\tFor A Free Consultation\t\t\t\t\t<\/p>\n\t\t\t\t\n\t\t\t<\/div>\n\t\t\t\n\t\t<\/div>\n\t\t\t\t\t\t<\/div>\n\t\t\t\t<\/div>\n\t\t\t\t<\/div>\n\t\t\t\t\t<\/div>\n\t\t\t\t<\/div>\n\t\t<div class=\"elementor-element elementor-element-5fd5029f e-flex e-con-boxed e-con e-parent\" data-id=\"5fd5029f\" data-element_type=\"container\" data-settings=\"{&quot;background_background&quot;:&quot;classic&quot;}\">\n\t\t\t\t\t<div class=\"e-con-inner\">\n\t\t<div class=\"elementor-element elementor-element-3b66ce46 e-con-full e-flex e-con e-child\" data-id=\"3b66ce46\" data-element_type=\"container\" data-settings=\"{&quot;background_background&quot;:&quot;classic&quot;}\">\n\t\t\t\t<div class=\"elementor-element elementor-element-5f7c0b3d elementor-widget elementor-widget-page-title\" data-id=\"5f7c0b3d\" data-element_type=\"widget\" data-settings=\"{&quot;align&quot;:&quot;center&quot;}\" data-widget_type=\"page-title.default\">\n\t\t\t\t<div class=\"elementor-widget-container\">\n\t\t\t\t\t\t\t\n\t\t<div class=\"hfe-page-title hfe-page-title-wrapper elementor-widget-heading\">\n\n\t\t\t\t\t\t\t\t\t\t\t<a href=\"https:\/\/onlinewebsolutions.store\/haroldweiser\">\n\t\t\t\t\t\t<h2 class=\"elementor-heading-title elementor-size-default\">\n\t\t\t\t\t\t\t\t\n\t\t\t\tAbogados en New Orleans  \n\t\t\t<\/h2 > \n\t\t\t\t\t\t\t\t\t<\/a>\n\t\t\t\t\t<\/div>\n\t\t\t\t\t\t<\/div>\n\t\t\t\t<\/div>\n\t\t\t\t<div class=\"elementor-element elementor-element-501107d0 elementor-hidden-desktop elementor-hidden-tablet elementor-hidden-mobile elementor-widget elementor-widget-hfe-breadcrumbs-widget\" data-id=\"501107d0\" data-element_type=\"widget\" data-widget_type=\"hfe-breadcrumbs-widget.default\">\n\t\t\t\t<div class=\"elementor-widget-container\">\n\t\t\t\t\t<nav aria-label=\"Breadcrumb\"><ul class=\"hfe-breadcrumbs hfe-breadcrumbs-show-home\"><li class=\"hfe-breadcrumbs-item hfe-breadcrumbs-first\"><span class=\"hfe-breadcrumbs-home-icon\"><svg aria-hidden=\"true\" class=\"e-font-icon-svg e-fas-home\" viewBox=\"0 0 576 512\" xmlns=\"http:\/\/www.w3.org\/2000\/svg\"><path d=\"M280.37 148.26L96 300.11V464a16 16 0 0 0 16 16l112.06-.29a16 16 0 0 0 15.92-16V368a16 16 0 0 1 16-16h64a16 16 0 0 1 16 16v95.64a16 16 0 0 0 16 16.05L464 480a16 16 0 0 0 16-16V300L295.67 148.26a12.19 12.19 0 0 0-15.3 0zM571.6 251.47L488 182.56V44.05a12 12 0 0 0-12-12h-56a12 12 0 0 0-12 12v72.61L318.47 43a48 48 0 0 0-61 0L4.34 251.47a12 12 0 0 0-1.6 16.9l25.5 31A12 12 0 0 0 45.15 301l235.22-193.74a12.19 12.19 0 0 1 15.3 0L530.9 301a12 12 0 0 0 16.9-1.6l25.5-31a12 12 0 0 0-1.7-16.93z\"><\/path><\/svg><\/span><a href=\"https:\/\/onlinewebsolutions.store\/haroldweiser\"><span class=\"hfe-breadcrumbs-text\">Home<\/span><\/a><\/li><\/ul><\/nav>\t\t\t\t<\/div>\n\t\t\t\t<\/div>\n\t\t\t\t<\/div>\n\t\t\t\t\t<\/div>\n\t\t\t\t<\/div>\n\t\t<div class=\"elementor-element elementor-element-6f0b1109 e-flex e-con-boxed e-con e-parent\" data-id=\"6f0b1109\" data-element_type=\"container\">\n\t\t\t\t\t<div class=\"e-con-inner\">\n\t\t<div class=\"elementor-element elementor-element-779bc804 e-con-full e-flex e-con e-child\" data-id=\"779bc804\" data-element_type=\"container\">\n\t\t\t\t<div class=\"elementor-element elementor-element-7fe0bfe4 elementor-widget elementor-widget-heading\" data-id=\"7fe0bfe4\" data-element_type=\"widget\" data-widget_type=\"heading.default\">\n\t\t\t\t\t<h2 class=\"elementor-heading-title elementor-size-default\">Abogados en New Orleans\n<\/h2>\t\t\t\t<\/div>\n\t\t\t\t<div class=\"elementor-element elementor-element-6c25aa8f elementor-widget__width-inherit elementor-widget elementor-widget-text-editor\" data-id=\"6c25aa8f\" data-element_type=\"widget\" data-widget_type=\"text-editor.default\">\n\t\t\t\t\t\t\t\t\t<p id=\"tw-target-text\" class=\"tw-data-text tw-text-large tw-ta\" dir=\"ltr\" data-placeholder=\"Translation\"><span class=\"Y2IQFc\" lang=\"es\">Nuestros abogados en New Orleans tienen un conocimiento abarcador del derecho, las leyes, y los tribunales de Louisiana.<\/span><\/p><p dir=\"ltr\" data-placeholder=\"Translation\">Nuestros letrados con m\u00e1s de 12 a\u00f1os de experiencia han representado a miles de clientes en New Orleans. El despacho legal Weiser Law Firm se especializa en la representaci\u00f3n legal en casos penales\/criminales, asuntos de divorcio y custodia, y accidentes de veh\u00edculo de motor.<\/p><p dir=\"ltr\" data-placeholder=\"Translation\"><strong>Accidentes de Veh\u00edculos de Motor<\/strong><\/p><p dir=\"ltr\" data-placeholder=\"Translation\">Puede ser un problema serio para todas las personas involucradas en un accidente de veh\u00edculo de motor. Nuestros abogados en New Orleans luchan con mucho empe\u00f1o para obtener la mayor cantidad de compensaci\u00f3n para nuestros clientes. Los letrados del Weiser Law Firm trabajan con las compa\u00f1\u00edas de seguros y, cuando necesario, luchan contra ellas para salvaguardar los derechos de nuestros clientes. Tales derechos invcluyen los salarios perdidos a causa del accidente, la compensaci\u00f3n por su lesi\u00f3n y el dolor y sufrimiento a ra\u00edz de la misma, y el tratamiento m\u00e9dico para la lesi\u00f3n.<\/p><p>Recuerde, que los mejores abogados en New Orleans est\u00e1n en el\u00a0<a href=\"https:\/\/www.haroldweiser.com\/\">Weiser Law Firm<\/a>.<\/p>\t\t\t\t\t\t\t\t<\/div>\n\t\t\t\t<\/div>\n\t\t<div class=\"elementor-element elementor-element-511c55cd e-con-full e-flex e-con e-child\" data-id=\"511c55cd\" data-element_type=\"container\">\n\t\t\t\t<div class=\"elementor-element elementor-element-2bab1707 elementor-widget elementor-widget-image\" data-id=\"2bab1707\" data-element_type=\"widget\" data-widget_type=\"image.default\">\n\t\t\t\t\t\t\t\t\t\t\t\t\t\t\t<img fetchpriority=\"high\" decoding=\"async\" width=\"800\" height=\"440\" src=\"https:\/\/onlinewebsolutions.store\/haroldweiser\/wp-content\/uploads\/2025\/12\/Gavel-2-1-1200x660-1-1024x563.jpg\" class=\"attachment-large size-large wp-image-16024\" alt=\"\" srcset=\"https:\/\/onlinewebsolutions.store\/haroldweiser\/wp-content\/uploads\/2025\/12\/Gavel-2-1-1200x660-1-1024x563.jpg 1024w, https:\/\/onlinewebsolutions.store\/haroldweiser\/wp-content\/uploads\/2025\/12\/Gavel-2-1-1200x660-1-300x165.jpg 300w, https:\/\/onlinewebsolutions.store\/haroldweiser\/wp-content\/uploads\/2025\/12\/Gavel-2-1-1200x660-1-768x422.jpg 768w, https:\/\/onlinewebsolutions.store\/haroldweiser\/wp-content\/uploads\/2025\/12\/Gavel-2-1-1200x660-1.jpg 1200w\" sizes=\"(max-width: 800px) 100vw, 800px\" \/>\t\t\t\t\t\t\t\t\t\t\t\t\t\t\t<\/div>\n\t\t\t\t<div class=\"elementor-element elementor-element-a4c0854 elementor-widget elementor-widget-image\" data-id=\"a4c0854\" data-element_type=\"widget\" data-widget_type=\"image.default\">\n\t\t\t\t\t\t\t\t\t\t\t\t\t\t\t<img decoding=\"async\" width=\"425\" height=\"282\" src=\"https:\/\/onlinewebsolutions.store\/haroldweiser\/wp-content\/uploads\/2025\/12\/pi-21-1.jpg\" class=\"attachment-large size-large wp-image-16425\" alt=\"\" srcset=\"https:\/\/onlinewebsolutions.store\/haroldweiser\/wp-content\/uploads\/2025\/12\/pi-21-1.jpg 425w, https:\/\/onlinewebsolutions.store\/haroldweiser\/wp-content\/uploads\/2025\/12\/pi-21-1-300x199.jpg 300w\" sizes=\"(max-width: 425px) 100vw, 425px\" \/>\t\t\t\t\t\t\t\t\t\t\t\t\t\t\t<\/div>\n\t\t\t\t<\/div>\n\t\t\t\t\t<\/div>\n\t\t\t\t<\/div>\n\t\t<div class=\"elementor-element elementor-element-3252db75 e-flex e-con-boxed e-con e-parent\" data-id=\"3252db75\" data-element_type=\"container\">\n\t\t\t\t\t<div class=\"e-con-inner\">\n\t\t<div class=\"elementor-element elementor-element-2c175860 e-con-full e-flex e-con e-child\" data-id=\"2c175860\" data-element_type=\"container\">\n\t\t\t\t<div class=\"elementor-element elementor-element-4a848051 elementor-widget elementor-widget-image\" data-id=\"4a848051\" data-element_type=\"widget\" data-widget_type=\"image.default\">\n\t\t\t\t\t\t\t\t\t\t\t\t\t\t\t<img decoding=\"async\" width=\"768\" height=\"1024\" src=\"https:\/\/onlinewebsolutions.store\/haroldweiser\/wp-content\/uploads\/2025\/12\/abogados-en-New-Orleans-1-800x1067-1-768x1024.png\" class=\"attachment-large size-large wp-image-16086\" alt=\"\" srcset=\"https:\/\/onlinewebsolutions.store\/haroldweiser\/wp-content\/uploads\/2025\/12\/abogados-en-New-Orleans-1-800x1067-1-768x1024.png 768w, https:\/\/onlinewebsolutions.store\/haroldweiser\/wp-content\/uploads\/2025\/12\/abogados-en-New-Orleans-1-800x1067-1-225x300.png 225w, https:\/\/onlinewebsolutions.store\/haroldweiser\/wp-content\/uploads\/2025\/12\/abogados-en-New-Orleans-1-800x1067-1.png 800w\" sizes=\"(max-width: 768px) 100vw, 768px\" \/>\t\t\t\t\t\t\t\t\t\t\t\t\t\t\t<\/div>\n\t\t\t\t<\/div>\n\t\t<div class=\"elementor-element elementor-element-f3226ca e-con-full e-flex e-con e-child\" data-id=\"f3226ca\" data-element_type=\"container\">\n\t\t\t\t<div class=\"elementor-element elementor-element-38736420 elementor-widget__width-inherit elementor-widget elementor-widget-text-editor\" data-id=\"38736420\" data-element_type=\"widget\" data-widget_type=\"text-editor.default\">\n\t\t\t\t\t\t\t\t\t<p><strong>Abogados en New Orleans y Jefferson Parish<\/strong><\/p><p>Es muy importante que usted cuente con nosotros para negociar con la compa\u00f1\u00eda de seguros. Las compa\u00f1\u00edas de seguros intentar\u00e1n ofrecerle a los lesionados poca o ninguna compensaci\u00f3n para resolver sus reclamaciones.\u00a0 Nuestros abogados tienen relaciones profesionales con estas compa\u00f1\u00edas de seguros y por tal raz\u00f3n tienen mucho \u00e9xito obteniendo la mayor cantidad de dinero o compensaci\u00f3n posible para nuestros clientes.<\/p><p>Existen muchos elementos complejos en las etapas de negociaci\u00f3n con la compa\u00f1\u00eda de seguros. Llame a nuestra oficina hoy para contratar a los mejores abogados en New Orleans si usted se ve involucrado en un accidente de veh\u00edculo de motor.<\/p>\t\t\t\t\t\t\t\t<\/div>\n\t\t\t\t<\/div>\n\t\t\t\t\t<\/div>\n\t\t\t\t<\/div>\n\t\t<div class=\"elementor-element elementor-element-4317cbad e-flex e-con-boxed e-con e-parent\" data-id=\"4317cbad\" data-element_type=\"container\">\n\t\t\t\t\t<div class=\"e-con-inner\">\n\t\t<div class=\"elementor-element elementor-element-20c6d4d1 e-con-full e-flex e-con e-child\" data-id=\"20c6d4d1\" data-element_type=\"container\">\n\t\t\t\t<div class=\"elementor-element elementor-element-31ad2715 elementor-widget elementor-widget-heading\" data-id=\"31ad2715\" data-element_type=\"widget\" data-widget_type=\"heading.default\">\n\t\t\t\t\t<h2 class=\"elementor-heading-title elementor-size-default\">Abogados en New Orleans: Da\u00f1os por lesiones personales\n<\/h2>\t\t\t\t<\/div>\n\t\t\t\t<div class=\"elementor-element elementor-element-496cf1de elementor-widget__width-inherit elementor-widget elementor-widget-text-editor\" data-id=\"496cf1de\" data-element_type=\"widget\" data-widget_type=\"text-editor.default\">\n\t\t\t\t\t\t\t\t\tLa ley protege a las v\u00edctimas que sufren da\u00f1os y perjuicios (y a sus familias) cuando la lesi\u00f3n personal no es su culpa. La ley de Louisiana requiere que las v\u00edctimas que sufren da\u00f1os y perjuicios reciban compensaci\u00f3n en la forma de dinero para cubrir sus gastos m\u00e9dicos, incluyendo a las facturas m\u00e9dicas, los cargos hospitalarios, los costos de los medicamentos y las tarifas de los hogares de ancianos, as\u00ed como los salarios perdidos y las ganancias futuras perdidas.\n\n\t\t\t\t\t\t\t\t<\/div>\n\t\t\t\t<div class=\"elementor-element elementor-element-4269da39 elementor-widget__width-inherit elementor-widget elementor-widget-text-editor\" data-id=\"4269da39\" data-element_type=\"widget\" data-widget_type=\"text-editor.default\">\n\t\t\t\t\t\t\t\t\tTambi\u00e9n hay disponibles indemnizaciones por dolor y sufrimiento, as\u00ed como da\u00f1os por las p\u00e9rdidas sufridas por c\u00f3nyuges e hijos. Adem\u00e1s, un tribunal puede otorgar da\u00f1os compensatorios o de castigo a la v\u00edctima en cualquier cantidad que el jurado considere adecuada si los da\u00f1os y perjuicios ocurrieron debido a la mala conducta intencional de alguna persona o entidad.\n\n\t\t\t\t\t\t\t\t<\/div>\n\t\t\t\t<\/div>\n\t\t<div class=\"elementor-element elementor-element-4d8c4777 e-con-full e-flex e-con e-child\" data-id=\"4d8c4777\" data-element_type=\"container\">\n\t\t\t\t<div class=\"elementor-element elementor-element-2d22de65 elementor-widget elementor-widget-image\" data-id=\"2d22de65\" data-element_type=\"widget\" data-widget_type=\"image.default\">\n\t\t\t\t\t\t\t\t\t\t\t\t\t\t\t<img loading=\"lazy\" decoding=\"async\" width=\"800\" height=\"533\" src=\"https:\/\/onlinewebsolutions.store\/haroldweiser\/wp-content\/uploads\/2025\/12\/car-crash-medium-800x533-1.jpg\" class=\"attachment-large size-large wp-image-16426\" alt=\"\" srcset=\"https:\/\/onlinewebsolutions.store\/haroldweiser\/wp-content\/uploads\/2025\/12\/car-crash-medium-800x533-1.jpg 800w, https:\/\/onlinewebsolutions.store\/haroldweiser\/wp-content\/uploads\/2025\/12\/car-crash-medium-800x533-1-300x200.jpg 300w, https:\/\/onlinewebsolutions.store\/haroldweiser\/wp-content\/uploads\/2025\/12\/car-crash-medium-800x533-1-768x512.jpg 768w\" sizes=\"(max-width: 800px) 100vw, 800px\" \/>\t\t\t\t\t\t\t\t\t\t\t\t\t\t\t<\/div>\n\t\t\t\t<\/div>\n\t\t\t\t\t<\/div>\n\t\t\t\t<\/div>\n\t\t<div class=\"elementor-element elementor-element-40dcaca5 e-flex e-con-boxed e-con e-parent\" data-id=\"40dcaca5\" data-element_type=\"container\">\n\t\t\t\t\t<div class=\"e-con-inner\">\n\t\t<div class=\"elementor-element elementor-element-3932e044 e-con-full e-flex e-con e-child\" data-id=\"3932e044\" data-element_type=\"container\">\n\t\t\t\t<div class=\"elementor-element elementor-element-a386113 elementor-widget__width-inherit elementor-widget elementor-widget-text-editor\" data-id=\"a386113\" data-element_type=\"widget\" data-widget_type=\"text-editor.default\">\n\t\t\t\t\t\t\t\t\t<div class=\"fusion-fullwidth fullwidth-box fusion-builder-row-3 fusion-flex-container has-pattern-background has-mask-background nonhundred-percent-fullwidth non-hundred-percent-height-scrolling\"><div class=\"fusion-builder-row fusion-row fusion-flex-align-items-flex-start fusion-flex-content-wrap\"><div class=\"fusion-layout-column fusion_builder_column fusion-builder-column-4 fusion_builder_column_1_2 1_2 fusion-flex-column\"><div class=\"fusion-column-wrapper fusion-column-has-shadow fusion-flex-justify-content-flex-start fusion-content-layout-column\"><div class=\"fusion-text fusion-text-3\"><p>Nuestro equipo de trabajo esta especializado para asesorarlo en las \u00e1reas de\u00a0<a href=\"https:\/\/www.haroldweiser.com\/new-orleans-personal-injury-lawyer\/medical-malpractice\/\">impericia m\u00e9dica<\/a>\u00a0y lesiones a ni\u00f1os menores de edad. Tambi\u00e9n somos diligentes en obtener todos los registros y documentos m\u00e9dicos pertinentes a la reclamaci\u00f3n. Los abogados de New Orleans en Weiser Law Firm son muy h\u00e1biles en presentar demandas contra las compa\u00f1\u00edas de seguros. Las oficinas de Weiser Law Firm representan a personas y familias que han sufrido da\u00f1os y perjuicios a causa de cualquier tipo de problema m\u00e9dico, incluyendo pero no limitado a:<\/p><ul><li>Diagn\u00f3stico err\u00f3neo de c\u00e1ncer<\/li><li>Par\u00e1lisis cerebral<\/li><li>Par\u00e1lisis del plexo braquial en reci\u00e9n nacidos (NBPP, por sus siglas en ingl\u00e9s)<\/li><li>Par\u00e1lisis de Duchenne-Erb\u00a0o\u00a0Erb-Duchenne<\/li><li>Par\u00e1lisis de Klumpke<\/li><\/ul><p>Nuestros abogados experimentados est\u00e1n capacitados para manejar casos de da\u00f1os y perjuicios u homicidios negligentes a personas y a sus familias que han sufrido da\u00f1os que involucren:<\/p><ul><li>Lesiones y da\u00f1os y perjuicios personales<\/li><li>Accidentes de autom\u00f3viles<\/li><li>Accidentes de camiones<\/li><li>Accidentes de motocicletas<\/li><li>Accidentes a\u00e9reos<\/li><li><a href=\"https:\/\/www.topdoctors.es\/diccionario-medico\/mala-praxis\" target=\"_blank\" rel=\"noopener\">Mala praxis m\u00e9dica<\/a>\u00a0o impericia m\u00e9dica<\/li><li>Lesiones en el parto de ni\u00f1os<\/li><li>Homicidio culposo o negligente<\/li><\/ul><\/div><\/div><\/div><\/div><\/div><div class=\"fusion-fullwidth fullwidth-box fusion-builder-row-4 fusion-flex-container nonhundred-percent-fullwidth non-hundred-percent-height-scrolling\"><div class=\"fusion-builder-row fusion-row fusion-flex-align-items-flex-start fusion-flex-content-wrap\"><div class=\"fusion-layout-column fusion_builder_column fusion-builder-column-6 fusion_builder_column_1_1 1_1 fusion-flex-column\"><div class=\"fusion-column-wrapper fusion-flex-justify-content-flex-start fusion-content-layout-column\"><div class=\"fusion-text fusion-text-4\"><div class=\"row\"><h2>Plazos Legales para Presentar Demanda de Da\u00f1os y Perjuicios<\/h2><p>Las v\u00edctimas que sufren da\u00f1os y perjuicios tienen una periodo de tiempo establecido en la ley estatal y federal para presentar sus reclamaciones por lesiones personales sufridas en accidentes de autos. El enfoque de todos debe estar en las necesidades m\u00e9dicas y f\u00edsicas de la v\u00edctima y su familia. Sin embargo, sus necesidades legales pueden echarse a persder si no se presentan las reclamaciones adecuadamente dentro de los plazos legales. Adem\u00e1s, el abogado de da\u00f1os y perjuicios de New Orleans est\u00e1 bien versado en reclamos de accidentes automovil\u00edsticos y se asegurar\u00e1 de que el cliente obtenga la compensaci\u00f3n que se merece.<\/p><\/div><\/div><\/div><\/div><\/div><\/div>\t\t\t\t\t\t\t\t<\/div>\n\t\t\t\t<\/div>\n\t\t\t\t\t<\/div>\n\t\t\t\t<\/div>\n\t\t<div class=\"elementor-element elementor-element-3819af79 e-flex e-con-boxed e-con e-parent\" data-id=\"3819af79\" data-element_type=\"container\">\n\t\t\t\t\t<div class=\"e-con-inner\">\n\t\t<div class=\"elementor-element elementor-element-1129aa2e e-con-full e-flex e-con e-child\" data-id=\"1129aa2e\" data-element_type=\"container\">\n\t\t\t\t<div class=\"elementor-element elementor-element-145cea36 elementor-widget__width-inherit elementor-widget elementor-widget-text-editor\" data-id=\"145cea36\" data-element_type=\"widget\" data-widget_type=\"text-editor.default\">\n\t\t\t\t\t\t\t\t\t<p>Llame a los abogados en New Orleans al 504-358-2273<\/p><p>El despacho legal de The Weiser Law Firm tambi\u00e9n representa a clientes de\u00a0<a href=\"https:\/\/www.haroldweiser.com\/new-orleans-lawyers\/contact-weiser-law-firm-page\/abogado-de-divorcio-nueva-orleans-y-louisiana\/\">divorcio<\/a>, custodia y propiedad mancomunada.<\/p>\t\t\t\t\t\t\t\t<\/div>\n\t\t\t\t<\/div>\n\t\t\t\t\t<\/div>\n\t\t\t\t<\/div>\n\t\t\t\t<\/div>\n\t\t","protected":false},"excerpt":{"rendered":"<p>504-358-2273 For A Free Consultation 504-358-2273 For A Free Consultation Abogados en New Orleans Home Abogados en New Orleans Nuestros abogados en New Orleans tienen un conocimiento abarcador del derecho, las leyes, y los tribunales de Louisiana. Nuestros letrados con m\u00e1s de 12 a\u00f1os de experiencia han representado a miles de clientes en New Orleans. [&hellip;]<\/p>\n","protected":false},"author":1,"featured_media":0,"parent":0,"menu_order":0,"comment_status":"closed","ping_status":"closed","template":"elementor_header_footer","meta":{"footnotes":""},"class_list":["post-16422","page","type-page","status-publish","hentry"],"_links":{"self":[{"href":"https:\/\/onlinewebsolutions.store\/haroldweiser\/wp-json\/wp\/v2\/pages\/16422","targetHints":{"allow":["GET"]}}],"collection":[{"href":"https:\/\/onlinewebsolutions.store\/haroldweiser\/wp-json\/wp\/v2\/pages"}],"about":[{"href":"https:\/\/onlinewebsolutions.store\/haroldweiser\/wp-json\/wp\/v2\/types\/page"}],"author":[{"embeddable":true,"href":"https:\/\/onlinewebsolutions.store\/haroldweiser\/wp-json\/wp\/v2\/users\/1"}],"replies":[{"embeddable":true,"href":"https:\/\/onlinewebsolutions.store\/haroldweiser\/wp-json\/wp\/v2\/comments?post=16422"}],"version-history":[{"count":7,"href":"https:\/\/onlinewebsolutions.store\/haroldweiser\/wp-json\/wp\/v2\/pages\/16422\/revisions"}],"predecessor-version":[{"id":16432,"href":"https:\/\/onlinewebsolutions.store\/haroldweiser\/wp-json\/wp\/v2\/pages\/16422\/revisions\/16432"}],"wp:attachment":[{"href":"https:\/\/onlinewebsolutions.store\/haroldweiser\/wp-json\/wp\/v2\/media?parent=16422"}],"curies":[{"name":"wp","href":"https:\/\/api.w.org\/{rel}","templated":true}]}}