{"id":16093,"date":"2025-12-19T14:30:59","date_gmt":"2025-12-19T14:30:59","guid":{"rendered":"https:\/\/onlinewebsolutions.store\/haroldweiser\/?page_id=16093"},"modified":"2025-12-27T12:59:22","modified_gmt":"2025-12-27T12:59:22","slug":"abogado-de-defensa-criminal-de-new-orleans","status":"publish","type":"page","link":"https:\/\/onlinewebsolutions.store\/haroldweiser\/abogado-de-defensa-criminal-de-new-orleans\/","title":{"rendered":"Abogado de Defensa Criminal de New Orleans"},"content":{"rendered":"\t\t<div data-elementor-type=\"wp-page\" data-elementor-id=\"16093\" class=\"elementor elementor-16093\" data-elementor-post-type=\"page\">\n\t\t\t\t<div class=\"elementor-element elementor-element-69d61dc1 elementor-hidden-desktop e-flex e-con-boxed e-con e-parent\" data-id=\"69d61dc1\" data-element_type=\"container\">\n\t\t\t\t\t<div class=\"e-con-inner\">\n\t\t\t\t<div class=\"elementor-element elementor-element-22a895f9 elementor-position-inline-start elementor-mobile-position-inline-start elementor-view-default elementor-widget elementor-widget-icon-box\" data-id=\"22a895f9\" data-element_type=\"widget\" data-widget_type=\"icon-box.default\">\n\t\t\t\t\t\t\t<div class=\"elementor-icon-box-wrapper\">\n\n\t\t\t\t\t\t<div class=\"elementor-icon-box-icon\">\n\t\t\t\t<span  class=\"elementor-icon\">\n\t\t\t\t<svg aria-hidden=\"true\" class=\"e-font-icon-svg e-fas-phone-alt\" viewBox=\"0 0 512 512\" xmlns=\"http:\/\/www.w3.org\/2000\/svg\"><path d=\"M497.39 361.8l-112-48a24 24 0 0 0-28 6.9l-49.6 60.6A370.66 370.66 0 0 1 130.6 204.11l60.6-49.6a23.94 23.94 0 0 0 6.9-28l-48-112A24.16 24.16 0 0 0 122.6.61l-104 24A24 24 0 0 0 0 48c0 256.5 207.9 464 464 464a24 24 0 0 0 23.4-18.6l24-104a24.29 24.29 0 0 0-14.01-27.6z\"><\/path><\/svg>\t\t\t\t<\/span>\n\t\t\t<\/div>\n\t\t\t\n\t\t\t\t\t\t<div class=\"elementor-icon-box-content\">\n\n\t\t\t\t\t\t\t\t\t<h3 class=\"elementor-icon-box-title\">\n\t\t\t\t\t\t<span  >\n\t\t\t\t\t\t\t504-358-2273\t\t\t\t\t\t<\/span>\n\t\t\t\t\t<\/h3>\n\t\t\t\t\n\t\t\t\t\t\t\t\t\t<p class=\"elementor-icon-box-description\">\n\t\t\t\t\t\tFor A Free Consultation\t\t\t\t\t<\/p>\n\t\t\t\t\n\t\t\t<\/div>\n\t\t\t\n\t\t<\/div>\n\t\t\t\t\t\t<\/div>\n\t\t\t\t\t<\/div>\n\t\t\t\t<\/div>\n\t\t<div class=\"elementor-element elementor-element-3e74782d e-flex e-con-boxed e-con e-parent\" data-id=\"3e74782d\" data-element_type=\"container\" data-settings=\"{&quot;background_background&quot;:&quot;classic&quot;}\">\n\t\t\t\t\t<div class=\"e-con-inner\">\n\t\t<div class=\"elementor-element elementor-element-3d821ff7 e-con-full elementor-hidden-tablet elementor-hidden-mobile e-flex e-con e-child\" data-id=\"3d821ff7\" data-element_type=\"container\">\n\t\t<div class=\"elementor-element elementor-element-102f4ded e-con-full e-flex e-con e-child\" data-id=\"102f4ded\" data-element_type=\"container\">\n\t\t\t\t<div class=\"elementor-element elementor-element-64417b1a elementor-position-inline-start elementor-mobile-position-inline-start elementor-view-default elementor-widget elementor-widget-icon-box\" data-id=\"64417b1a\" data-element_type=\"widget\" data-widget_type=\"icon-box.default\">\n\t\t\t\t\t\t\t<div class=\"elementor-icon-box-wrapper\">\n\n\t\t\t\t\t\t<div class=\"elementor-icon-box-icon\">\n\t\t\t\t<a href=\"tel:504-358-2273\" class=\"elementor-icon\" tabindex=\"-1\" aria-label=\"504-358-2273\">\n\t\t\t\t<svg aria-hidden=\"true\" class=\"e-font-icon-svg e-fas-phone-alt\" viewBox=\"0 0 512 512\" xmlns=\"http:\/\/www.w3.org\/2000\/svg\"><path d=\"M497.39 361.8l-112-48a24 24 0 0 0-28 6.9l-49.6 60.6A370.66 370.66 0 0 1 130.6 204.11l60.6-49.6a23.94 23.94 0 0 0 6.9-28l-48-112A24.16 24.16 0 0 0 122.6.61l-104 24A24 24 0 0 0 0 48c0 256.5 207.9 464 464 464a24 24 0 0 0 23.4-18.6l24-104a24.29 24.29 0 0 0-14.01-27.6z\"><\/path><\/svg>\t\t\t\t<\/a>\n\t\t\t<\/div>\n\t\t\t\n\t\t\t\t\t\t<div class=\"elementor-icon-box-content\">\n\n\t\t\t\t\t\t\t\t\t<h3 class=\"elementor-icon-box-title\">\n\t\t\t\t\t\t<a href=\"tel:504-358-2273\" >\n\t\t\t\t\t\t\t504-358-2273\t\t\t\t\t\t<\/a>\n\t\t\t\t\t<\/h3>\n\t\t\t\t\n\t\t\t\t\t\t\t\t\t<p class=\"elementor-icon-box-description\">\n\t\t\t\t\t\tFor A Free Consultation\t\t\t\t\t<\/p>\n\t\t\t\t\n\t\t\t<\/div>\n\t\t\t\n\t\t<\/div>\n\t\t\t\t\t\t<\/div>\n\t\t\t\t<\/div>\n\t\t\t\t<\/div>\n\t\t\t\t\t<\/div>\n\t\t\t\t<\/div>\n\t\t<div class=\"elementor-element elementor-element-2ddf478c e-flex e-con-boxed e-con e-parent\" data-id=\"2ddf478c\" data-element_type=\"container\" data-settings=\"{&quot;background_background&quot;:&quot;classic&quot;}\">\n\t\t\t\t\t<div class=\"e-con-inner\">\n\t\t<div class=\"elementor-element elementor-element-6ab292de e-con-full e-flex e-con e-child\" data-id=\"6ab292de\" data-element_type=\"container\" data-settings=\"{&quot;background_background&quot;:&quot;classic&quot;}\">\n\t\t\t\t<div class=\"elementor-element elementor-element-781625ab elementor-widget elementor-widget-page-title\" data-id=\"781625ab\" data-element_type=\"widget\" data-settings=\"{&quot;align&quot;:&quot;center&quot;}\" data-widget_type=\"page-title.default\">\n\t\t\t\t<div class=\"elementor-widget-container\">\n\t\t\t\t\t\t\t\n\t\t<div class=\"hfe-page-title hfe-page-title-wrapper elementor-widget-heading\">\n\n\t\t\t\t\t\t\t\t\t\t\t<a href=\"https:\/\/onlinewebsolutions.store\/haroldweiser\">\n\t\t\t\t\t\t<h2 class=\"elementor-heading-title elementor-size-default\">\n\t\t\t\t\t\t\t\t\n\t\t\t\tAbogado de Defensa Criminal de New Orleans  \n\t\t\t<\/h2 > \n\t\t\t\t\t\t\t\t\t<\/a>\n\t\t\t\t\t<\/div>\n\t\t\t\t\t\t<\/div>\n\t\t\t\t<\/div>\n\t\t\t\t<div class=\"elementor-element elementor-element-4b6a0b51 elementor-hidden-desktop elementor-hidden-tablet elementor-hidden-mobile elementor-widget elementor-widget-hfe-breadcrumbs-widget\" data-id=\"4b6a0b51\" data-element_type=\"widget\" data-widget_type=\"hfe-breadcrumbs-widget.default\">\n\t\t\t\t<div class=\"elementor-widget-container\">\n\t\t\t\t\t<nav aria-label=\"Breadcrumb\"><ul class=\"hfe-breadcrumbs hfe-breadcrumbs-show-home\"><li class=\"hfe-breadcrumbs-item hfe-breadcrumbs-first\"><span class=\"hfe-breadcrumbs-home-icon\"><svg aria-hidden=\"true\" class=\"e-font-icon-svg e-fas-home\" viewBox=\"0 0 576 512\" xmlns=\"http:\/\/www.w3.org\/2000\/svg\"><path d=\"M280.37 148.26L96 300.11V464a16 16 0 0 0 16 16l112.06-.29a16 16 0 0 0 15.92-16V368a16 16 0 0 1 16-16h64a16 16 0 0 1 16 16v95.64a16 16 0 0 0 16 16.05L464 480a16 16 0 0 0 16-16V300L295.67 148.26a12.19 12.19 0 0 0-15.3 0zM571.6 251.47L488 182.56V44.05a12 12 0 0 0-12-12h-56a12 12 0 0 0-12 12v72.61L318.47 43a48 48 0 0 0-61 0L4.34 251.47a12 12 0 0 0-1.6 16.9l25.5 31A12 12 0 0 0 45.15 301l235.22-193.74a12.19 12.19 0 0 1 15.3 0L530.9 301a12 12 0 0 0 16.9-1.6l25.5-31a12 12 0 0 0-1.7-16.93z\"><\/path><\/svg><\/span><a href=\"https:\/\/onlinewebsolutions.store\/haroldweiser\"><span class=\"hfe-breadcrumbs-text\">Home<\/span><\/a><\/li><\/ul><\/nav>\t\t\t\t<\/div>\n\t\t\t\t<\/div>\n\t\t\t\t<\/div>\n\t\t\t\t\t<\/div>\n\t\t\t\t<\/div>\n\t\t<div class=\"elementor-element elementor-element-5bf21d66 e-flex e-con-boxed e-con e-parent\" data-id=\"5bf21d66\" data-element_type=\"container\">\n\t\t\t\t\t<div class=\"e-con-inner\">\n\t\t<div class=\"elementor-element elementor-element-1319f1ad e-con-full e-flex e-con e-child\" data-id=\"1319f1ad\" data-element_type=\"container\">\n\t\t\t\t<div class=\"elementor-element elementor-element-7400dd9e elementor-widget elementor-widget-heading\" data-id=\"7400dd9e\" data-element_type=\"widget\" data-widget_type=\"heading.default\">\n\t\t\t\t\t<h2 class=\"elementor-heading-title elementor-size-default\">Abogado de Defensa Criminal de New Orleans\n<\/h2>\t\t\t\t<\/div>\n\t\t\t\t<div class=\"elementor-element elementor-element-72b4705b elementor-widget__width-inherit elementor-widget elementor-widget-text-editor\" data-id=\"72b4705b\" data-element_type=\"widget\" data-widget_type=\"text-editor.default\">\n\t\t\t\t\t\t\t\t\tSi ha sido arrestado o acusado de un delito a nivel federal, estatal, municipal o de tr\u00e1fico, necesita un abogado defensor penal de New Orleans con experiencia que luchar\u00e1 por sus derechos. Los cargos criminales, solos, pueden alterar la vida; las convicciones te siguen el resto de tu vida. El Weiser Law Firm entiende que usted y su familia enfrentan una crisis. Llama hoy para abogado de defensa criminal de neuva orleans.\n\n\t\t\t\t\t\t\t\t<\/div>\n\t\t\t\t<\/div>\n\t\t<div class=\"elementor-element elementor-element-16a079a2 e-con-full e-flex e-con e-child\" data-id=\"16a079a2\" data-element_type=\"container\">\n\t\t\t\t<div class=\"elementor-element elementor-element-116a265c elementor-widget elementor-widget-image\" data-id=\"116a265c\" data-element_type=\"widget\" data-widget_type=\"image.default\">\n\t\t\t\t\t\t\t\t\t\t\t\t\t\t\t<img fetchpriority=\"high\" decoding=\"async\" width=\"300\" height=\"204\" src=\"https:\/\/onlinewebsolutions.store\/haroldweiser\/wp-content\/uploads\/2025\/12\/Assault1-300x204-1.webp\" class=\"attachment-large size-large wp-image-16400\" alt=\"\" \/>\t\t\t\t\t\t\t\t\t\t\t\t\t\t\t<\/div>\n\t\t\t\t<\/div>\n\t\t\t\t\t<\/div>\n\t\t\t\t<\/div>\n\t\t<div class=\"elementor-element elementor-element-b4ffd4c e-flex e-con-boxed e-con e-parent\" data-id=\"b4ffd4c\" data-element_type=\"container\">\n\t\t\t\t\t<div class=\"e-con-inner\">\n\t\t<div class=\"elementor-element elementor-element-36ef8d35 e-con-full e-flex e-con e-child\" data-id=\"36ef8d35\" data-element_type=\"container\">\n\t\t\t\t<div class=\"elementor-element elementor-element-4629af57 elementor-widget elementor-widget-image\" data-id=\"4629af57\" data-element_type=\"widget\" data-widget_type=\"image.default\">\n\t\t\t\t\t\t\t\t\t\t\t\t\t\t\t<img decoding=\"async\" width=\"800\" height=\"555\" src=\"https:\/\/onlinewebsolutions.store\/haroldweiser\/wp-content\/uploads\/2025\/12\/DWI-Pic-e1739096806334-800x555-1.jpg\" class=\"attachment-large size-large wp-image-16401\" alt=\"\" srcset=\"https:\/\/onlinewebsolutions.store\/haroldweiser\/wp-content\/uploads\/2025\/12\/DWI-Pic-e1739096806334-800x555-1.jpg 800w, https:\/\/onlinewebsolutions.store\/haroldweiser\/wp-content\/uploads\/2025\/12\/DWI-Pic-e1739096806334-800x555-1-300x208.jpg 300w, https:\/\/onlinewebsolutions.store\/haroldweiser\/wp-content\/uploads\/2025\/12\/DWI-Pic-e1739096806334-800x555-1-768x533.jpg 768w\" sizes=\"(max-width: 800px) 100vw, 800px\" \/>\t\t\t\t\t\t\t\t\t\t\t\t\t\t\t<\/div>\n\t\t\t\t<\/div>\n\t\t<div class=\"elementor-element elementor-element-685ee13c e-con-full e-flex e-con e-child\" data-id=\"685ee13c\" data-element_type=\"container\">\n\t\t\t\t<div class=\"elementor-element elementor-element-fe2a139 elementor-widget elementor-widget-heading\" data-id=\"fe2a139\" data-element_type=\"widget\" data-widget_type=\"heading.default\">\n\t\t\t\t\t<h2 class=\"elementor-heading-title elementor-size-default\">\u00bfCu\u00e1ndo debe contratar a un abogado de defensa criminal?<\/h2>\t\t\t\t<\/div>\n\t\t\t\t<div class=\"elementor-element elementor-element-6a45988 elementor-widget__width-inherit elementor-widget elementor-widget-text-editor\" data-id=\"6a45988\" data-element_type=\"widget\" data-widget_type=\"text-editor.default\">\n\t\t\t\t\t\t\t\t\t<p>Una defensa criminal exitosa comienza lo m\u00e1s cerca posible del momento del arresto. La batalla no es solo para evitar multas o encarcelamientos o para reducir o desestimar los cargos, sino tambi\u00e9n para mantener su registro lo m\u00e1s libre posible de la informaci\u00f3n que puede da\u00f1ar su futuro: como conseguir un trabajo o seguir una educaci\u00f3n superior.<\/p><p>No da\u00f1es tu caso criminal discutiendo nada con las autoridades sin la protecci\u00f3n de un abogado de defensa criminal a tu lado. Le conviene contratar a un abogado de defensa criminal para que lo represente lo antes posible. Si crees que puedes ser acusado de un delito, \u00a1busca un abogado! No esperes el arresto formal.<\/p>\t\t\t\t\t\t\t\t<\/div>\n\t\t\t\t<\/div>\n\t\t\t\t\t<\/div>\n\t\t\t\t<\/div>\n\t\t<div class=\"elementor-element elementor-element-f6f874e e-flex e-con-boxed e-con e-parent\" data-id=\"f6f874e\" data-element_type=\"container\">\n\t\t\t\t\t<div class=\"e-con-inner\">\n\t\t<div class=\"elementor-element elementor-element-1771ec43 e-con-full e-flex e-con e-child\" data-id=\"1771ec43\" data-element_type=\"container\">\n\t\t\t\t<div class=\"elementor-element elementor-element-6702e1ef elementor-widget elementor-widget-heading\" data-id=\"6702e1ef\" data-element_type=\"widget\" data-widget_type=\"heading.default\">\n\t\t\t\t\t<h2 class=\"elementor-heading-title elementor-size-default\">\u00bfQu\u00e9 puede hacer un abogado de defensa criminal de New Orleans por usted?\n<\/h2>\t\t\t\t<\/div>\n\t\t\t\t<div class=\"elementor-element elementor-element-481e87bd elementor-widget__width-inherit elementor-widget elementor-widget-text-editor\" data-id=\"481e87bd\" data-element_type=\"widget\" data-widget_type=\"text-editor.default\">\n\t\t\t\t\t\t\t\t\t<p>-protege tus derechos al principio.<br \/>-revise la evidencia y determine lo que es inadmisible o inexacto.<br \/>-investigar para encontrar testigos y documentos que ayuden a su defensa.<br \/>-negociar para reducir los cargos.<br \/>-negociar para desestimar los cargos.<br \/>-entrevistar posibles testigos para la acusaci\u00f3n por errores y exageraciones<br \/>-revisar documentos de la fiscal\u00eda por fallas y omisiones.<br \/>-determinar qu\u00e9 expertos se pueden necesitar para la defensa y lograr que se suban a bordo.<br \/>-negociar un acuerdo de culpabilidad con el fiscal.<br \/>-prueba el caso en un juicio en su fondo, si es necesario.<br \/>El Sr. Harold Weiser, es el Abogado de Defensa Criminal del\u00a0<a href=\"https:\/\/haroldweiser.com\/\">Weiser Law Firm<\/a>.<\/p>\t\t\t\t\t\t\t\t<\/div>\n\t\t\t\t<div class=\"elementor-element elementor-element-34d438b3 elementor-widget__width-inherit elementor-widget elementor-widget-text-editor\" data-id=\"34d438b3\" data-element_type=\"widget\" data-widget_type=\"text-editor.default\">\n\t\t\t\t\t\t\t\t\t<p>Como experimentado Abogado de Defensa Criminal de New Orleans, Harold Weiser ha representado a clientes en todo el estado de Louisiana ante una serie de cargos penales, desde infracciones de tr\u00e1fico penales, a drogas, problemas dom\u00e9sticos, robo, prostituci\u00f3n, agresi\u00f3n f\u00edsica y expurgos. Weiser Law Firm ha establecido relaciones profesionales con jueces y fiscales de tribunales penales no solo en New Orleans, sino en todo el estado de Louisiana, para garantizar los resultados m\u00e1s justos y razonables para nuestros clientes de defensa criminal.<\/p><p>Si usted o un ser querido tiene un problema de defensa criminal, necesita The Weiser Law Firm un Abogado de Defensa Criminal de New Orleans.<\/p>\t\t\t\t\t\t\t\t<\/div>\n\t\t\t\t<\/div>\n\t\t<div class=\"elementor-element elementor-element-3f1ff6a5 e-con-full e-flex e-con e-child\" data-id=\"3f1ff6a5\" data-element_type=\"container\">\n\t\t\t\t<div class=\"elementor-element elementor-element-2103388 elementor-widget elementor-widget-image\" data-id=\"2103388\" data-element_type=\"widget\" data-widget_type=\"image.default\">\n\t\t\t\t\t\t\t\t\t\t\t\t\t\t\t<img decoding=\"async\" width=\"541\" height=\"766\" src=\"https:\/\/onlinewebsolutions.store\/haroldweiser\/wp-content\/uploads\/2025\/12\/ley-de-criminal.webp\" class=\"attachment-large size-large wp-image-16402\" alt=\"\" srcset=\"https:\/\/onlinewebsolutions.store\/haroldweiser\/wp-content\/uploads\/2025\/12\/ley-de-criminal.webp 541w, https:\/\/onlinewebsolutions.store\/haroldweiser\/wp-content\/uploads\/2025\/12\/ley-de-criminal-212x300.webp 212w\" sizes=\"(max-width: 541px) 100vw, 541px\" \/>\t\t\t\t\t\t\t\t\t\t\t\t\t\t\t<\/div>\n\t\t\t\t<\/div>\n\t\t\t\t\t<\/div>\n\t\t\t\t<\/div>\n\t\t<div class=\"elementor-element elementor-element-3311b24 e-flex e-con-boxed e-con e-parent\" data-id=\"3311b24\" data-element_type=\"container\">\n\t\t\t\t\t<div class=\"e-con-inner\">\n\t\t<div class=\"elementor-element elementor-element-199c5196 e-con-full e-flex e-con e-child\" data-id=\"199c5196\" data-element_type=\"container\">\n\t\t\t\t<div class=\"elementor-element elementor-element-11f7788c elementor-widget elementor-widget-image\" data-id=\"11f7788c\" data-element_type=\"widget\" data-widget_type=\"image.default\">\n\t\t\t\t\t\t\t\t\t\t\t\t\t\t\t<img decoding=\"async\" src=\"https:\/\/onlinewebsolutions.store\/haroldweiser\/wp-content\/uploads\/2025\/12\/Crim-law-book.jpg\" title=\"Crim-law-book\" alt=\"Crim-law-book\" loading=\"lazy\" \/>\t\t\t\t\t\t\t\t\t\t\t\t\t\t\t<\/div>\n\t\t\t\t<\/div>\n\t\t<div class=\"elementor-element elementor-element-5d36a65c e-con-full e-flex e-con e-child\" data-id=\"5d36a65c\" data-element_type=\"container\">\n\t\t\t\t<div class=\"elementor-element elementor-element-35cf5dd elementor-widget elementor-widget-heading\" data-id=\"35cf5dd\" data-element_type=\"widget\" data-widget_type=\"heading.default\">\n\t\t\t\t\t<h2 class=\"elementor-heading-title elementor-size-default\">\u00bfQu\u00e9 pasa cuando eres arrestado y encarcelado?\n<\/h2>\t\t\t\t<\/div>\n\t\t\t\t<div class=\"elementor-element elementor-element-53e27be6 elementor-widget__width-inherit elementor-widget elementor-widget-text-editor\" data-id=\"53e27be6\" data-element_type=\"widget\" data-widget_type=\"text-editor.default\">\n\t\t\t\t\t\t\t\t\tCuando lo arrestan, lo llevan al \u201c\u00e1rea de admisi\u00f3n.\u201d All\u00ed, lo registran, le toman las huellas dactilares, le dan un chequeo m\u00e9dico, le dan un uniforme estandarizado (con c\u00f3digo de color, generalmente por riesgo de seguridad) y luego lo colocan en una celda. Todos sus art\u00edculos personales son inventariados y guardados para usted; son devueltos cuando eres liberado.\n\n\t\t\t\t\t\t\t\t<\/div>\n\t\t\t\t<div class=\"elementor-element elementor-element-4f4792e5 elementor-widget__width-inherit elementor-widget elementor-widget-text-editor\" data-id=\"4f4792e5\" data-element_type=\"widget\" data-widget_type=\"text-editor.default\">\n\t\t\t\t\t\t\t\t\tEsa celda puede estar con la \u201cpoblaci\u00f3n general\u201d o puede estar en un \u00e1rea especial, seg\u00fan lo consideren las autoridades. Esta \u00e1rea especial reservada para funcionarios p\u00fablicos, oficiales de polic\u00eda, celebridades y similares. Se crearon para facilitar a los funcionarios mantener la paz, minimizando el riesgo para todos los involucrados.\n\n\t\t\t\t\t\t\t\t<\/div>\n\t\t\t\t<\/div>\n\t\t\t\t\t<\/div>\n\t\t\t\t<\/div>\n\t\t<div class=\"elementor-element elementor-element-76ba1a2f e-flex e-con-boxed e-con e-parent\" data-id=\"76ba1a2f\" data-element_type=\"container\">\n\t\t\t\t\t<div class=\"e-con-inner\">\n\t\t<div class=\"elementor-element elementor-element-245d1b79 e-con-full e-flex e-con e-child\" data-id=\"245d1b79\" data-element_type=\"container\">\n\t\t\t\t<div class=\"elementor-element elementor-element-bd457c elementor-widget__width-inherit elementor-widget elementor-widget-text-editor\" data-id=\"bd457c\" data-element_type=\"widget\" data-widget_type=\"text-editor.default\">\n\t\t\t\t\t\t\t\t\t<p>Consulta criminal gratuita con un Abogado de Defensa Criminal de New Orleans.<\/p><p>Simplemente complete el formulario a continuaci\u00f3n o ll\u00e1menos al\u00a0<strong>(504) 358-CARE<\/strong>\u00a0o al\u00a0<strong>504-358-2273<\/strong>\u00a0para programar su consulta gratuita con un abogado de defensa criminal en New Orleans.<\/p><p>Estamos disponibles para ayudarlo en New Orleans, Jefferson Parish y en todos los tribunales del sudeste de Louisiana, en una amplia variedad de asuntos penales, tales como:<\/p><ul><li>Asesinato<\/li><li>Homicidio<\/li><li>Tentativa de asesinato<\/li><li>Asalto<\/li><li>Conducir borracho<\/li><li>Violencia dom\u00e9stica<\/li><li>Amenazas terroristas<\/li><li>Homicidio vehicular<\/li><li>Violaci\u00f3n<\/li><li>Asalto sexual<\/li><li>Solicitaci\u00f3n<\/li><li>Delitos sexuales en Internet<\/li><li>Posesi\u00f3n de drogas<\/li><li>Distribuci\u00f3n de drogas<\/li><li>Intenci\u00f3n del medicamento para vender<\/li><li>Fabricaci\u00f3n de drogas<\/li><li>Robo<\/li><li>Revocaci\u00f3n de la libertad condicional<\/li><li>Robo a mano armada<\/li><li>Robo<\/li><li>Delito de cuello blanco<\/li><li>DWI \/ DUI<\/li><li>Delitos inform\u00e1ticon<\/li><\/ul>\t\t\t\t\t\t\t\t<\/div>\n\t\t\t\t<div class=\"elementor-element elementor-element-5f414924 elementor-widget__width-inherit elementor-widget elementor-widget-text-editor\" data-id=\"5f414924\" data-element_type=\"widget\" data-widget_type=\"text-editor.default\">\n\t\t\t\t\t\t\t\t\t<p>No posponga las cosas! Programe hoy su consulta criminal con un abogado de defensa criminal de New Orleans con The\u00a0<a href=\"https:\/\/haroldweiser.com\/\">Weiser Law Firm<\/a>.<\/p><p><strong>3801 Canal Street # 205 Nueva Orleans, Louisiana (504) 358-2273<\/strong><\/p><p><strong>Abogado de Defensa Criminal de New Orleans<\/strong><\/p>\t\t\t\t\t\t\t\t<\/div>\n\t\t\t\t<\/div>\n\t\t\t\t\t<\/div>\n\t\t\t\t<\/div>\n\t\t\t\t<\/div>\n\t\t","protected":false},"excerpt":{"rendered":"<p>504-358-2273 For A Free Consultation 504-358-2273 For A Free Consultation Abogado de Defensa Criminal de New Orleans Home Abogado de Defensa Criminal de New Orleans Si ha sido arrestado o acusado de un delito a nivel federal, estatal, municipal o de tr\u00e1fico, necesita un abogado defensor penal de New Orleans con experiencia que luchar\u00e1 por [&hellip;]<\/p>\n","protected":false},"author":1,"featured_media":0,"parent":0,"menu_order":0,"comment_status":"closed","ping_status":"closed","template":"elementor_header_footer","meta":{"footnotes":""},"class_list":["post-16093","page","type-page","status-publish","hentry"],"_links":{"self":[{"href":"https:\/\/onlinewebsolutions.store\/haroldweiser\/wp-json\/wp\/v2\/pages\/16093","targetHints":{"allow":["GET"]}}],"collection":[{"href":"https:\/\/onlinewebsolutions.store\/haroldweiser\/wp-json\/wp\/v2\/pages"}],"about":[{"href":"https:\/\/onlinewebsolutions.store\/haroldweiser\/wp-json\/wp\/v2\/types\/page"}],"author":[{"embeddable":true,"href":"https:\/\/onlinewebsolutions.store\/haroldweiser\/wp-json\/wp\/v2\/users\/1"}],"replies":[{"embeddable":true,"href":"https:\/\/onlinewebsolutions.store\/haroldweiser\/wp-json\/wp\/v2\/comments?post=16093"}],"version-history":[{"count":7,"href":"https:\/\/onlinewebsolutions.store\/haroldweiser\/wp-json\/wp\/v2\/pages\/16093\/revisions"}],"predecessor-version":[{"id":16409,"href":"https:\/\/onlinewebsolutions.store\/haroldweiser\/wp-json\/wp\/v2\/pages\/16093\/revisions\/16409"}],"wp:attachment":[{"href":"https:\/\/onlinewebsolutions.store\/haroldweiser\/wp-json\/wp\/v2\/media?parent=16093"}],"curies":[{"name":"wp","href":"https:\/\/api.w.org\/{rel}","templated":true}]}}